{"id":14631,"date":"2021-11-17T13:52:29","date_gmt":"2021-11-17T13:52:29","guid":{"rendered":"https:\/\/www.korpulfar.is\/?page_id=14631"},"modified":"2021-11-22T17:41:48","modified_gmt":"2021-11-22T17:41:48","slug":"haninn","status":"publish","type":"page","link":"http:\/\/korpulfar.is\/?page_id=14631","title":{"rendered":"Haninn"},"content":{"rendered":"<p><a href=\"http:\/\/www.korpulfar.is\/wp-content\/uploads\/2021\/11\/Galo_de_Barcelos.svg\"><img decoding=\"async\" loading=\"lazy\" class=\"alignleft wp-image-14632\" src=\"http:\/\/www.korpulfar.is\/wp-content\/uploads\/2021\/11\/Galo_de_Barcelos.svg\" alt=\"\" width=\"181\" height=\"233\" \/><\/a><\/p>\n<p>\u00dej\u00f3\u00f0art\u00e1kn Port\u00fagala er hani.<\/p>\n<p>\u00deetta vita n\u00e1tt\u00farulega allir sem einhvern t\u00edma hafa komi\u00f0 til Port\u00fagals.<\/p>\n<p>Port\u00fagalir\u00a0 b\u00faa til hana af \u00f6llum m\u00f6gulegum ger\u00f0um st\u00f3ra og sm\u00e1a skrautlega svo af ber. \u00deessa hana selja \u00feeir erlendum fer\u00f0am\u00f6nnum og \u00fatr\u00e1sarv\u00edkingum, allt gott um \u00fea\u00f0 a\u00f0 segja.En hvernig kom \u00fea\u00f0 til a\u00f0 Port\u00fagalir v\u00f6ldu hanann sem \u00a0\u00fej\u00f3\u00f0art\u00e1kn ?<\/p>\n<p>&nbsp;<\/p>\n<p><strong>\u00a0\u201eGalo de Barcelos\u201cer \u00ed augum Port\u00fagala t\u00e1kn hei\u00f0arleika, trausts og vir\u00f0ingar.<\/strong><\/p>\n<p><strong>\u00a0<\/strong><\/p>\n<p>\u00dea\u00f0 ske\u00f0i \u00e1ri\u00f0 1254 (um sumari\u00f0 ) hr\u00e6\u00f0ilegur atbur\u00f0ur \u00ed b\u00e6num <strong>Barcelos <\/strong>\u00ed Port\u00fagal. Barcelos er nor\u00f0an vi\u00f0 borgina <strong>Porto<\/strong> \u00fea\u00f0an sem p\u00fartv\u00edni\u00f0 kemur. R\u00e9tt \u00fear hj\u00e1 er b\u00e6rinn <strong>Braga<\/strong>. Hvort Braga kaffi\u00f0 er \u00fea\u00f0an fylgir ekki \u00feessari s\u00f6gu.<\/p>\n<p>N\u00fa gl\u00e6pur haf\u00f0i veri\u00f0 framinn \u00ed b\u00e6num, sem f\u00f3getinn og hans menn g\u00e1tu me\u00f0 engu m\u00f3ti uppl\u00fdst. \u00dea\u00f0\u00a0 h\u00f6f\u00f0u pottar brotna\u00f0 e\u00f0a veri\u00f0 brotnir, en <strong>Barcelos<\/strong> var fr\u00e6g um \u00feessar mundir fyrir potta-og krukkuger\u00f0.( \u00fe\u00e1 var\u00f0 til or\u00f0atilt\u00e6ki\u00f0 v\u00ed\u00f0a er pottur brotinn) Hva\u00f0 um \u00fea\u00f0, f\u00f3getar \u00feess t\u00edma voru \u00feekktir fyrir a\u00f0 refsa sekum og enginn gl\u00e6pur m\u00e1tti vera \u00f3uppl\u00fdstur.<\/p>\n<p>Svo vildi til a\u00f0 p\u00edlagr\u00edmur nokkur haf\u00f0i komi\u00f0 til b\u00e6jarins daginn \u00e1\u00f0ur \u00e1 lei\u00f0 sinni til \u201eSantiego de Campostelle.<\/p>\n<p>N\u00fa ganga menn f\u00f3getans h\u00fas \u00far h\u00fasi og spyrja hvern einasta \u00edb\u00faa hvort hann hafi frami\u00f0 \u201egl\u00e6pinn\u201c Alli s\u00f6g\u00f0u, nei \u00fea\u00f0 var ekki \u00e9g, alveg eins og \u00fatr\u00e1sarv\u00edkingarnir h\u00e9r \u00e1 landi s\u00f6g\u00f0u.<\/p>\n<p>N\u00fa eru g\u00f3\u00f0 r\u00e1\u00f0 d\u00fdr, \u00feetta ver\u00f0ur a\u00f0 uppl\u00fdsa, og refsa \u00feeim seka.<\/p>\n<p>N\u00fa dettur einum af m\u00f6nnum f\u00f3getans \u00fea\u00f0 snjallr\u00e6\u00f0i\u00a0 \u00ed hug a\u00f0 segja a\u00f0 p\u00edlagr\u00edmurinn v\u00e6ri sekur um \u00feennan \u201egl\u00e6p\u201c.Hann var umsvifalaust handtekinn og f\u00e6r\u00f0ur fyrir d\u00f3mara, sem kva\u00f0 upp \u00feann d\u00f3m a\u00f0 p\u00edlagr\u00edmurinn skyldi hengdur fyrir broti\u00f0.<\/p>\n<p>\u00dea\u00f0 skipti engu \u00fe\u00f3 a\u00f0 p\u00edlagr\u00edmurinn har\u00f0neita\u00f0i a\u00f0 vera vi\u00f0ri\u00f0inn \u00feennan \u201egl\u00e6p\u201c.<\/p>\n<p>-\u00c9g hef aldrei broti\u00f0 pott sag\u00f0i p\u00edlagr\u00edmurinn. D\u00f3marinn var \u00farillur og nennti ekki a\u00f0 jagast \u00ed f\u00f3getanum um ranns\u00f3knina, svo var hann l\u00edka or\u00f0in svangur.<\/p>\n<p><strong>P\u00edlagr\u00edmurinn<\/strong> ba\u00f0 n\u00fa sem s\u00ed\u00f0ustu \u00f3sk dau\u00f0ad\u00e6mds manns a\u00f0 mega koma einu sinni enn fyrir d\u00f3marann. Vi\u00f0 \u00feessari \u00f3sk var\u00f0 f\u00f3getinn.<\/p>\n<p>D\u00f3marinn sat a\u00f0 sn\u00e6\u00f0ingi me\u00f0 f\u00f3getanum og \u00f6\u00f0rum framm\u00e1m\u00f6nnum \u00ed b\u00e6num. \u00c1 bor\u00f0um var sv\u00ednab\u00f3gur og \u201evino verde\u201c sem er \u00f3\u00feroska\u00f0 hv\u00edtv\u00edn f\u00f6lgr\u00e6nt \u00e1 lit.<\/p>\n<p>-Svo \u00fe\u00fa segist saklaus segir d\u00f3marinn vi\u00f0 p\u00edlagr\u00edminn.<\/p>\n<p>-J\u00e1 \u00fea\u00f0 sver \u00e9g frammi fyrir gu\u00f0i alm\u00e1ttugum og heil\u00f6gum anda me\u00f0, a\u00f0 \u00e9g er saklaus.<\/p>\n<p>D\u00f3marinn glotti framan \u00ed f\u00f3getann og vini s\u00edna og spur\u00f0i p\u00edlagr\u00edminn, &#8211; hvernig \u00e6tlar \u00fe\u00fa a\u00f0 sanna sakleysi \u00feitt ?<\/p>\n<p>\u00cd \u00feessum t\u00f6lu\u00f0u or\u00f0um gekk \u00fej\u00f3nn inn \u00ed salinn me\u00f0 grilla\u00f0an hana \u00e1 fati.<\/p>\n<p>-Ef fr\u00e1s\u00f6gn m\u00edn er s\u00f6nn um sakleysi mitt og hei\u00f0arleika sag\u00f0i p\u00edlagr\u00edmurinn, mun haninn r\u00edsa upp og gala \u00ferisvar.<\/p>\n<p>\u00dea\u00f0 skipti engum togum a\u00f0 haninn reis upp og gala\u00f0i \u00ferisvar svo h\u00e1tt a\u00f0 f\u00f3getinn og vinir hans fengu hellu fyrir eyrun.<\/p>\n<p>D\u00f3marinn sem var f\u00f6lur eftir hanagali\u00f0 fyrirskipa\u00f0i a\u00f0 p\u00edlagr\u00edmnum skyldi tafarlaust sleppt, \u00a0Hann haf\u00f0i engan \u00e1huga \u00e1 a\u00f0 f\u00e1 yfir sig rei\u00f0i Gu\u00f0s og heilags anda.<\/p>\n<p><strong>Eftir \u00feennan atbur\u00f0 var\u00f0 haninn \u00ed augum Port\u00fagala t\u00e1kn um hei\u00f0arleika, traust og vir\u00f0ingu.<\/strong><\/p>\n<p>Tali\u00f0 er a\u00f0 nafn landsins s\u00e9 komi\u00f0 \u00far lat\u00ednu \u201e<strong>Portus Cale<\/strong>\u201c sem \u00fe\u00fd\u00f0i\u00f0 falleg h\u00f6fn, a\u00f0rir telja nafni\u00f0 komi\u00f0 fr\u00e1 Ar\u00f6bum sem eitt sinn r\u00e9\u00f0u landinu \u00feeir k\u00f6llu\u00f0u \u00fea\u00f0 \u201e<strong>Portugalia<\/strong>\u201c sem \u00fe\u00fd\u00f0ir einfaldlega appels\u00edna \u00e1 arab\u00edsku.<\/p>\n<p><a href=\"http:\/\/www.korpulfar.is\/wp-content\/uploads\/2021\/11\/Screenshot-2021-11-19-at-18.42.53-1.png\"><img decoding=\"async\" loading=\"lazy\" class=\"alignleft size-full wp-image-14662\" src=\"http:\/\/www.korpulfar.is\/wp-content\/uploads\/2021\/11\/Screenshot-2021-11-19-at-18.42.53-1.png\" alt=\"\" width=\"73\" height=\"83\" \/><\/a><\/p>\n<p>G\u00e1tan.<\/p>\n<p>Hva\u00f0 er st\u00e6rra en Gu\u00f0 ?<\/p>\n<p>Hva\u00f0 er illskeyttara en skrattinn ?<\/p>\n<p>F\u00e1t\u00e6kir eiga n\u00f3g af \u00fev\u00ed.<\/p>\n<p>R\u00edka vantar \u00fea\u00f0<a href=\"http:\/\/www.korpulfar.is\/wp-content\/uploads\/2021\/11\/Galo_de_Barcelos.svg\"><img decoding=\"async\" loading=\"lazy\" class=\"wp-image-14632 aligncenter\" src=\"http:\/\/www.korpulfar.is\/wp-content\/uploads\/2021\/11\/Galo_de_Barcelos.svg\" alt=\"\" width=\"95\" height=\"123\" \/><\/a><\/p>\n","protected":false},"excerpt":{"rendered":"<p>\u00dej\u00f3\u00f0art\u00e1kn Port\u00fagala er hani. \u00deetta vita n\u00e1tt\u00farulega allir sem einhvern t\u00edma hafa komi\u00f0 til Port\u00fagals. Port\u00fagalir\u00a0 b\u00faa til hana af \u00f6llum m\u00f6gulegum ger\u00f0um st\u00f3ra og sm\u00e1a skrautlega svo af ber. \u00deessa hana selja \u00feeir erlendum fer\u00f0am\u00f6nnum og \u00fatr\u00e1sarv\u00edkingum, allt gott um \u00fea\u00f0 a\u00f0 segja.En hvernig kom \u00fea\u00f0 til a\u00f0 Port\u00fagalir v\u00f6ldu hanann sem \u00a0\u00fej\u00f3\u00f0art\u00e1kn ? &nbsp; \u00a0\u201eGalo de Barcelos\u201cer \u00ed<\/p>\n","protected":false},"author":2,"featured_media":0,"parent":0,"menu_order":0,"comment_status":"closed","ping_status":"closed","template":"","meta":[],"_links":{"self":[{"href":"http:\/\/korpulfar.is\/index.php?rest_route=\/wp\/v2\/pages\/14631"}],"collection":[{"href":"http:\/\/korpulfar.is\/index.php?rest_route=\/wp\/v2\/pages"}],"about":[{"href":"http:\/\/korpulfar.is\/index.php?rest_route=\/wp\/v2\/types\/page"}],"author":[{"embeddable":true,"href":"http:\/\/korpulfar.is\/index.php?rest_route=\/wp\/v2\/users\/2"}],"replies":[{"embeddable":true,"href":"http:\/\/korpulfar.is\/index.php?rest_route=%2Fwp%2Fv2%2Fcomments&post=14631"}],"version-history":[{"count":3,"href":"http:\/\/korpulfar.is\/index.php?rest_route=\/wp\/v2\/pages\/14631\/revisions"}],"predecessor-version":[{"id":14666,"href":"http:\/\/korpulfar.is\/index.php?rest_route=\/wp\/v2\/pages\/14631\/revisions\/14666"}],"wp:attachment":[{"href":"http:\/\/korpulfar.is\/index.php?rest_route=%2Fwp%2Fv2%2Fmedia&parent=14631"}],"curies":[{"name":"wp","href":"https:\/\/api.w.org\/{rel}","templated":true}]}}