{"id":14599,"date":"2021-11-10T17:13:06","date_gmt":"2021-11-10T17:13:06","guid":{"rendered":"http:\/\/www.korpulfar.is\/?page_id=14599"},"modified":"2021-11-22T17:39:22","modified_gmt":"2021-11-22T17:39:22","slug":"draumurinn-1","status":"publish","type":"page","link":"http:\/\/korpulfar.is\/?page_id=14599","title":{"rendered":"Draumurinn"},"content":{"rendered":"<p>2015-09-06-R.B.<\/p>\n<p><a href=\"http:\/\/www.korpulfar.is\/wp-content\/uploads\/2021\/11\/Screenshot-2021-11-19-at-18.42.53-1.png\"><img decoding=\"async\" loading=\"lazy\" class=\"alignleft size-full wp-image-14662\" src=\"http:\/\/www.korpulfar.is\/wp-content\/uploads\/2021\/11\/Screenshot-2021-11-19-at-18.42.53-1.png\" alt=\"\" width=\"73\" height=\"83\" \/><\/a><\/p>\n<p style=\"text-align: center;\"><strong><span style=\"font-size: 20px;\">Draumurinn<\/span><\/strong><\/p>\n<p>Mig dreymdi a\u00f0 \u00e9g v\u00e6ri \u00e1 einstigi. \u00fea\u00f0 var hvergi h\u00e6gt a\u00f0 sn\u00faa vi\u00f0 svo \u00e9g var\u00f0 a\u00f0 halda \u00e1fram.<\/p>\n<p>Einstigi\u00f0 l\u00e1 upp \u00ed m\u00f3ti. \u00dea\u00f0 var fleira f\u00f3lk \u00e1 s\u00f6mu lei\u00f0. \u00d6\u00f0ru hvoru voru \u00fatskot \u00e1 \u00feessu einstigi \u00c1 \u00feessum \u00fatskotum var h\u00e6gt a\u00f0 staldra vi\u00f0 og\u00a0 vir\u00f0a fyrir s\u00e9r farinn veg. M\u00e9r fannst eins og \u00e9g hef\u00f0i gengi\u00f0 \u00f3ra vegalengd, og einstigi\u00f0 myndi br\u00e1tt enda.<\/p>\n<p>Margt f\u00f3lk var b\u00e6\u00f0i fyrir framan og aftan mig. Flestir \u00e1 svipu\u00f0um g\u00f6nguhra\u00f0a og \u00e9g. Af og til s\u00e1 \u00e9g f\u00f3lk hrasa og sumir duttu ni\u00f0ur \u00ed hyldj\u00fapi\u00f0.<\/p>\n<p>\u00c9g \u00feekkti engann en kanna\u00f0ist vi\u00f0 nokkra sem \u00e9g s\u00e1 \u00e1 einstiginu.<\/p>\n<p>\u00c1 einum sta\u00f0 f\u00f3r h\u00f3pur \u00fat af einstiginu, b\u00e6\u00f0i konur og karlar \u00e1samt nokkrum b\u00f6rnum, \u00fea\u00f0 haf\u00f0i v\u00edst or\u00f0i\u00f0 slys \u00e1 hra\u00f0brautinni.<\/p>\n<p>\u00c9g stoppa\u00f0i einstaka sinnum til a\u00f0 vir\u00f0a fyrir m\u00e9r \u00fats\u00fdni\u00f0 fr\u00e1 einstiginu. \u00dea\u00f0 sem \u00e9g s\u00e1 fannst m\u00e9r \u00e9g hafi s\u00e9\u00f0 \u00e1\u00f0ur, markt af \u00fev\u00ed m\u00f6rgum sinnum.<\/p>\n<p>M\u00e9r fannst a\u00f0 einstigi\u00f0 hafi veri\u00f0 mj\u00f6g langt og veri\u00f0 n\u00e1nast \u00e1 jafnsl\u00e9ttu a\u00f0 mestu, \u00fe\u00f3 voru einstaka h\u00e6\u00f0ir og l\u00e6g\u00f0ir \u00e1 \u00fev\u00ed. Hvar \u00fea\u00f0 enda\u00f0i vissi \u00e9g ekki, en m\u00e9r fannst eins og \u00fea\u00f0 v\u00e6ri ekki mj\u00f6g langt eftir, og brattinn j\u00f3kst s\u00edfellt.<\/p>\n<p>Ve\u00f0ri\u00f0 var frekar milt sm\u00e1 s\u00f3largl\u00e6ta \u00f6\u00f0ru hvoru, ilmur af trj\u00e1gr\u00f3\u00f0ri \u00ed lofti. \u00de\u00f3 fannst m\u00e9r vera einhver lykt sem ekki \u00e1tti heima \u00fearna.<\/p>\n<p>Me\u00f0al \u00feess sem \u00e9g s\u00e1 fr\u00e1 einum sta\u00f0num sem \u00e9g stoppa\u00f0i \u00e1, voru h\u00fas sem \u00e9g kanna\u00f0ist vi\u00f0 fr\u00e1 fyrri t\u00edmum. \u00dearna s\u00e1 \u00e9g fer\u00f0al\u00f6g gle\u00f0i og sorgir eins og gengur \u00ed \u00feessu l\u00edfi.<\/p>\n<p>\u00dear sem \u00e9g st\u00f3\u00f0 \u00fearna og virti fyrir m\u00e9r fort\u00ed\u00f0ina, kemur ma\u00f0ur \u00e1 hendingskasti, hann \u00fe\u00fdtur framhj\u00e1 og segir \u00ed lei\u00f0inni, \u00e6tlar \u00fe\u00fa ekki a\u00f0 dr\u00edfa \u00feig ma\u00f0ur ? \u00dea\u00f0 er a\u00f0 ver\u00f0a uppselt. \u00c9g kanna\u00f0ist vi\u00f0 hann, hann hefur alltaf veri\u00f0 a\u00f0 fl\u00fdta s\u00e9r, s\u00ed\u00f0an \u00e9g s\u00e1 hann fyrst.<\/p>\n<p>\u00c9g horfi til baka ni\u00f0ur eftir einstiginu og s\u00e9 mann sem \u00e9g hef lengi \u00feekkt koma \u00ed r\u00f3legheitum \u00ed \u00e1ttina a\u00f0 m\u00e9r. \u00c6tli s\u00e9 langt eftir ? spyr hann. Nei segi \u00e9g vi\u00f0 eigum stutt eftir \u00e1 toppinn. Vi\u00f0 erum \u00ed 75, \u00a0\u00fea\u00f0 eru f\u00e1ir sem komast \u00ed 100\u00a0 e\u00f0a meira.<\/p>\n<p>\u00dea\u00f0 er v\u00edst ansi kalt \u00e1 toppnum segir hann \u00fe\u00e1, \u00e9g hef\u00f0i \u00e1tt a\u00f0 taka me\u00f0 m\u00e9r \u00falpu.<\/p>\n<p>\u00de\u00e1 er hnippt \u00ed mig og r\u00f6dd segir, er ekki \u00ed lagi me\u00f0 \u00feig ?<\/p>\n<p>Vi\u00f0 \u00fea\u00f0 hrekk \u00e9g upp \u00far svefninum og draumurinn \u00fear me\u00f0 ekki lengri.<\/p>\n","protected":false},"excerpt":{"rendered":"<p>2015-09-06-R.B. Draumurinn Mig dreymdi a\u00f0 \u00e9g v\u00e6ri \u00e1 einstigi. \u00fea\u00f0 var hvergi h\u00e6gt a\u00f0 sn\u00faa vi\u00f0 svo \u00e9g var\u00f0 a\u00f0 halda \u00e1fram. Einstigi\u00f0 l\u00e1 upp \u00ed m\u00f3ti. \u00dea\u00f0 var fleira f\u00f3lk \u00e1 s\u00f6mu lei\u00f0. \u00d6\u00f0ru hvoru voru \u00fatskot \u00e1 \u00feessu einstigi \u00c1 \u00feessum \u00fatskotum var h\u00e6gt a\u00f0 staldra vi\u00f0 og\u00a0 vir\u00f0a fyrir s\u00e9r farinn veg. M\u00e9r fannst eins og \u00e9g<\/p>\n","protected":false},"author":1,"featured_media":0,"parent":0,"menu_order":0,"comment_status":"closed","ping_status":"closed","template":"","meta":[],"_links":{"self":[{"href":"http:\/\/korpulfar.is\/index.php?rest_route=\/wp\/v2\/pages\/14599"}],"collection":[{"href":"http:\/\/korpulfar.is\/index.php?rest_route=\/wp\/v2\/pages"}],"about":[{"href":"http:\/\/korpulfar.is\/index.php?rest_route=\/wp\/v2\/types\/page"}],"author":[{"embeddable":true,"href":"http:\/\/korpulfar.is\/index.php?rest_route=\/wp\/v2\/users\/1"}],"replies":[{"embeddable":true,"href":"http:\/\/korpulfar.is\/index.php?rest_route=%2Fwp%2Fv2%2Fcomments&post=14599"}],"version-history":[{"count":3,"href":"http:\/\/korpulfar.is\/index.php?rest_route=\/wp\/v2\/pages\/14599\/revisions"}],"predecessor-version":[{"id":14664,"href":"http:\/\/korpulfar.is\/index.php?rest_route=\/wp\/v2\/pages\/14599\/revisions\/14664"}],"wp:attachment":[{"href":"http:\/\/korpulfar.is\/index.php?rest_route=%2Fwp%2Fv2%2Fmedia&parent=14599"}],"curies":[{"name":"wp","href":"https:\/\/api.w.org\/{rel}","templated":true}]}}